{"id":215,"date":"2010-03-23T11:08:16","date_gmt":"2010-03-23T11:08:16","guid":{"rendered":"https:\/\/www.darrita.com\/marrocos\/?page_id=215"},"modified":"2024-06-04T17:13:11","modified_gmt":"2024-06-04T17:13:11","slug":"marrocos-guia-viagem-roteiros-da-rita-leitao","status":"publish","type":"page","link":"https:\/\/www.darrita.com\/marrocos\/","title":{"rendered":"Marrocos &#8211; Guia de Viagem e Roteiros da Rita Leit\u00e3o"},"content":{"rendered":"\n<p>Marrocos &#8211; pa\u00eds maravilhoso e ex\u00f3tico para passar f\u00e9rias!<\/p>\n\n\n<div class=\"wp-block-image size-full wp-image-1840\">\n<figure class=\"aligncenter\"><img loading=\"lazy\" decoding=\"async\" width=\"900\" height=\"1200\" src=\"https:\/\/www.darrita.com\/marrocos\/imagens-marrocos\/2010\/03\/MARROCOS.jpg\" alt=\"O Guia de Viagem a Marrocos da Rita Leit\u00e3o\" class=\"wp-image-1840\" srcset=\"https:\/\/www.darrita.com\/marrocos\/imagens-marrocos\/2010\/03\/MARROCOS.jpg 900w, https:\/\/www.darrita.com\/marrocos\/imagens-marrocos\/2010\/03\/MARROCOS-225x300.jpg 225w, https:\/\/www.darrita.com\/marrocos\/imagens-marrocos\/2010\/03\/MARROCOS-768x1024.jpg 768w, https:\/\/www.darrita.com\/marrocos\/imagens-marrocos\/2010\/03\/MARROCOS-870x1160.jpg 870w\" sizes=\"(max-width: 900px) 100vw, 900px\" \/><figcaption class=\"wp-element-caption\">O Guia de Viagem a Marrocos da Rita Leit\u00e3o<\/figcaption><\/figure><\/div>\n\n\n<p>? Ol\u00e1, bem-vindos ao meu site <strong>Rita em Marrocos<\/strong>.<\/p>\n\n\n\n<p>Em \u00e1rabe diz-se &#8221; \u0645\u0631\u062d\u0628\u0627 \u0628\u0643\u0645 \u0641\u064a \u0627\u0644\u0645\u063a\u0631\u0628 &#8221; (marhaba bikum fi almaghreb) para desejar as boas vindas a <a href=\"https:\/\/www.marrocos.com\/\" rel=\"external nofollow\">Marrocos<\/a>.<\/p>\n\n\n<div class=\"wp-block-image size-medium wp-image-704\">\n<figure class=\"alignright\"><img loading=\"lazy\" decoding=\"async\" width=\"300\" height=\"209\" src=\"https:\/\/www.darrita.com\/marrocos\/imagens-marrocos\/2010\/11\/gato-sel-dailleurs-hotel-marrocos-300x209.jpg\" alt=\"O meu gato marroquino\" class=\"wp-image-704\" srcset=\"https:\/\/www.darrita.com\/marrocos\/imagens-marrocos\/2010\/11\/gato-sel-dailleurs-hotel-marrocos-300x209.jpg 300w, https:\/\/www.darrita.com\/marrocos\/imagens-marrocos\/2010\/11\/gato-sel-dailleurs-hotel-marrocos.jpg 520w\" sizes=\"(max-width: 300px) 100vw, 300px\" \/><figcaption class=\"wp-element-caption\">O meu gato marroquino<\/figcaption><\/figure><\/div>\n\n\n<p><strong>Sou a Rita, vivo em Ouarzazate<\/strong>, no sul deste pa\u00eds fant\u00e1stico para onde vim em 2008. A ideia era experimentar morar em Marrocos durante uns tempos para ver se me adaptava a uma cultura completamente diferente daquela a que estava habituada. Como grande parte das pessoas, tinha muitas ideias estereotipadas na minha cabe\u00e7a sobre o que era Marrocos, como eram as pessoas, a religi\u00e3o, o Estado. Sobre ser mulher e estrangeira neste pa\u00eds.<\/p>\n\n\n\n<p>Acabei por me apaixonar por <strong>Marrocos <\/strong>\u00e0 medida que os preconceitos foram caindo por terra e sendo substitu\u00eddos pelas sensa\u00e7\u00f5es fortes que um pa\u00eds e um povo milenares deixam nos seus visitantes. Conquistaram-me com a sua hospitalidade.<\/p>\n\n\n\n<p>Mudei-me definitivamente para c\u00e1 e organizei toda a minha vida na \u00e1rea do turismo. Tinha o desejo que a minha viv\u00eancia pessoal em Marrocos tivesse impacto noutras pessoas. Criei este site onde escrevi artigos sobre os <strong>melhores destinos de viagem<\/strong>, o <strong>dia-a-dia em Marrocos<\/strong>, curiosidades, informa\u00e7\u00f5es pr\u00e1ticas.<\/p>\n\n\n\n<p>Tamb\u00e9m quis mostrar, sem deixar d\u00favidas, que <strong>\u00e9 completamente seguro uma mulher sozinha viajar em Marrocos<\/strong>. \u00c9 completamente falso que seja mais perigoso do que em qualquer pa\u00eds ocidental! Eu pr\u00f3pria viajo sozinha de carro e de transportes p\u00fablicos. \u00c9 claro que h\u00e1 sempre uns conselhos que podem facilitar a vida de uma mulher viajante. Por isso mesmo, apresento os meus neste site.<\/p>\n\n\n\n<p>As minhas <strong>viagens em Marrocos<\/strong> levaram-me a lugares ex\u00f3ticos incr\u00edveis, cheios de belezas naturais ou cidades fant\u00e1sticas com monumentos antigos. Gosto imenso da Koutoubia de <strong>Marraquexe<\/strong>, da Skala de <strong>Essaouira<\/strong>, da medina de <strong>T\u00e9touan<\/strong>, das ruelas de <strong>Chefchaouen<\/strong>, do Kasbah Taourirt em <strong>Ouarzazate<\/strong>, de todo o ambiente de <strong>Fez <\/strong>e, claro, das Dunas de Erg Chebbi no <strong>Deserto do Saara<\/strong>.<\/p>\n\n\n<div class=\"wp-block-image size-large wp-image-1271\">\n<figure class=\"aligncenter\"><img loading=\"lazy\" decoding=\"async\" width=\"1024\" height=\"768\" src=\"https:\/\/www.darrita.com\/marrocos\/imagens-marrocos\/2010\/03\/Falar-Franc\u00eas-em-Marrocos-1024x768.jpg\" alt=\"Rita em Marrocos\" class=\"wp-image-1271\" srcset=\"https:\/\/www.darrita.com\/marrocos\/imagens-marrocos\/2010\/03\/Falar-Franc\u00eas-em-Marrocos-1024x768.jpg 1024w, https:\/\/www.darrita.com\/marrocos\/imagens-marrocos\/2010\/03\/Falar-Franc\u00eas-em-Marrocos-300x225.jpg 300w, https:\/\/www.darrita.com\/marrocos\/imagens-marrocos\/2010\/03\/Falar-Franc\u00eas-em-Marrocos.jpg 2048w\" sizes=\"(max-width: 1024px) 100vw, 1024px\" \/><figcaption class=\"wp-element-caption\">Rita em Marrocos<\/figcaption><\/figure><\/div>\n\n\n<p>Acabei por construir um <a title=\"hotel ouarzazate\" href=\"https:\/\/www.darrita.com\/hotel-marrocos\/\" target=\"_blank\" rel=\"noopener noreferrer\">Hotel em Ouarzazate<\/a>, e sou uma esp\u00e9cie de anfitri\u00e3 tempor\u00e1ria de Marrocos para pessoas de todo o mundo. Muitos portugueses e brasileiros.<\/p>\n\n\n\n<p>Finalmente, comecei eu pr\u00f3pria a <strong>organizar viagens em Marrocos<\/strong>. Os meus roteiros combinam uma experi\u00eancia no Marrocos aut\u00eantico com conforto e qualidade. Gosto de ajudar as pessoas a conhecer um pa\u00eds genu\u00edno, aquele que elas t\u00eam idealizado. E h\u00e1 tanta gente que me diz que o sonho delas sempre foi <strong>conhecer Marrocos<\/strong> que eu me sinto extremamente orgulhosa de poder fazer parte da concretiza\u00e7\u00e3o desse sonho.<\/p>\n\n\n\n<p><strong>? Muito obrigada<\/strong> pela vossa visita. Primeiro, virtual. Um dia, quem sabe, em Marrocos!<\/p>\n\n\n<div class=\"wp-block-image\">\n<figure class=\"aligncenter\"><img decoding=\"async\" src=\"https:\/\/www.darrita.com\/marrocos\/imagens-marrocos\/2014\/02\/roteiros-marrocos.jpg\" alt=\"Marrocos, Descubra um destino de Sonho\"\/><figcaption class=\"wp-element-caption\">Marrocos &#8211; Descubra um destino de Sonho<\/figcaption><\/figure><\/div>\n\n\n<h2 class=\"wp-block-heading\">\u2753 Mas quem \u00e9 a Rita Leit\u00e3o?<\/h2>\n\n\n<div class=\"wp-block-image\">\n<figure class=\"aligncenter\"><img decoding=\"async\" src=\"https:\/\/www.darrita.com\/marrocos\/imagens-marrocos\/2012\/04\/rita-leitao.jpg\" alt=\"Rita Leit\u00e3o em Marrocos\" class=\"wp-image-534\"\/><figcaption class=\"wp-element-caption\">Rita Leit\u00e3o e a minha cadelinha Jana que mora comigo aqui em Marrocos<\/figcaption><\/figure><\/div>\n\n\n<p>Chamo-me Rita e moro em Marrocos. Tenho 39 anos e sou natural de Lisboa.<\/p>\n\n\n\n<p>Nunca viajei muito (s\u00f3 Jap\u00e3o, Tail\u00e2ndia, Su\u00ed\u00e7a, Reino Unido, Dinamarca, Holanda, Qatar, It\u00e1lia). Conhe\u00e7o um pouco de Portugal, muito pouco de Espanha e Paris \u2013 cidade onde vivi cerca de 1 ano em 2005.<\/p>\n\n\n\n<p>Em 2008, por motivos profissionais, surgiu a oportunidade de ir viver para <a href=\"https:\/\/www.darrita.com\/marrocos\/curiosidades-marrocos\/\">Marrocos<\/a>.<\/p>\n\n\n\n<p>Depois de muito pesar pr\u00f3s e contras, pois era para mim um pa\u00eds desconhecido, decidi arriscar e partir \u00e0 aventura.<\/p>\n\n\n\n<p>Foi assim que me desfiz do que tinha em Portugal e em Setembro de 2008 me mudei para o Sul de Marrocos, para a cidade de <a href=\"https:\/\/www.darrita.com\/marrocos\/ouarzazate-marrocos\/\">Ouarzazate<\/a>, apenas com as coisas que couberam no carro e a minha grande amiga, a minha cadela Jana!<\/p>\n\n\n\n<p>Desde a\u00ed, sempre que posso, vou descobrindo cada vez mais deste pa\u00eds que \u00e9 agora a minha casa.<\/p>\n\n\n\n<p>Decidi come\u00e7ar a partilhar as minhas viv\u00eancias e <strong>experi\u00eancias de viagem<\/strong>, porque apesar de ser um pa\u00eds que est\u00e1 t\u00e3o perto de Portugal, as pessoas ainda t\u00eam algum desconhecimento e receio de vir at\u00e9 c\u00e1.<\/p>\n\n\n\n<p>Sobretudo da parte de <strong>mulheres<\/strong> que gostam de <strong>viajar sozinhas<\/strong> ou em grupo, \u00e9 a elas que <strong>dedico o meu site<\/strong> e espero que lhes d\u00ea o empurr\u00e3o final e as ajude a planear uma viagem inesquec\u00edvel.<\/p>\n\n\n\n<p>Vou tentar nesta p\u00e1gina dar informa\u00e7\u00e3o de alguns lugares pelos quais vou passando no meu dia-a-dia, tais como <a href=\"https:\/\/www.darrita.com\/marrocos\/marrakech-marrocos\/\">Marrakech<\/a>, <a href=\"https:\/\/www.darrita.com\/marrocos\/ergchebbi-deserto-marrocos\/\">Merzouga<\/a>, <a href=\"https:\/\/www.darrita.com\/marrocos\/tetouan-marrocos\/\">Tetouan<\/a>, <a href=\"https:\/\/www.darrita.com\/marrocos\/aitbenhaddou-unesco-marrocos\/\">Ait Benhaddou<\/a>, etc&#8230;<\/p>\n\n\n\n<p><strong>\u2705 Leia mais acerca do meu trabalho:<\/strong><\/p>\n\n\n\n<figure class=\"wp-block-embed is-type-rich is-provider-rita-em-marrocos\"><div class=\"wp-block-embed__wrapper\">\n<blockquote class=\"wp-embedded-content\" data-secret=\"fd0cCcVns1\"><a href=\"https:\/\/www.darrita.com\/marrocos\/viagem-marrocos\/\">Tours Organizados em Marrocos<\/a><\/blockquote><iframe loading=\"lazy\" class=\"wp-embedded-content\" sandbox=\"allow-scripts\" security=\"restricted\" style=\"position: absolute; clip: rect(1px, 1px, 1px, 1px);\" title=\"&#8220;Tours Organizados em Marrocos&#8221; &#8212; Rita em Marrocos\" src=\"https:\/\/www.darrita.com\/marrocos\/viagem-marrocos\/embed\/#?secret=nQ8UAVZTiE#?secret=fd0cCcVns1\" data-secret=\"fd0cCcVns1\" width=\"600\" height=\"338\" frameborder=\"0\" marginwidth=\"0\" marginheight=\"0\" scrolling=\"no\"><\/iframe>\n<\/div><\/figure>\n\n\n\n<h2 class=\"wp-block-heading\">\u2139\ufe0f Acerca de Rabat &#8211; a capital de Marrocos<\/h2>\n\n\n\n<p>Rabat, \u00e9 a capital de Marrocos, habitada desde os tempos pr\u00e9-hist\u00f3ricos, \u00e9 uma cidade fundada no s\u00e9culo X, foi um ponto comercial estrat\u00e9gico bastante importante na altura da ocupa\u00e7\u00e3o dos fen\u00edcios, bizantinos, romanos e dos cartagineses.<\/p>\n\n\n\n<p>Marrocos estabeleceu-se como um estado desde o ano de 788, aquando Idriss I foi proclamado como Rei de Volubilis. Hoje, \u00e9 uma monarquia constitucional; o Rei Hassan II subiu ao trono de 1961, descendente do Profeta, \u00e9 tamb\u00e9m o l\u00edder religioso de Marrocos. Ap\u00f3s a sua morte em 1999, o seu filho Mohamed sucede-o sob o t\u00edtulo de Mohamed VI.<\/p>\n\n\n\n<p>Rabat, tem como significado, \u201clugar fortificado\u201d, devendo-se este nome \u00e0 constru\u00e7\u00e3o neste territ\u00f3rio de uma fortaleza por parte dos mouros, no s\u00e9culo XII, a fim de se defender de ataques e de invasores a partir de Espanha.<\/p>\n\n\n\n<p>Rabat \u00e9 a segunda maior cidade marroquina, localizando-se no Norte do pa\u00eds, mais propriamente na costa atl\u00e2ntica. Situada nas margens do Rio Bouregreg, \u00e9 uma cidade que conta com uma hist\u00f3ria antiga, onde actualmente, a tradi\u00e7\u00e3o e a modernidade co-existem no mesmo espa\u00e7o f\u00edsico.<\/p>\n\n\n\n<p>Recheado de espa\u00e7os verdes, \u00e9 um lugar com imensos parques e pra\u00e7as cheias de vegeta\u00e7\u00e3o e de flores coloridas. A maior atrac\u00e7\u00e3o tur\u00edstica \u00e9 Mechouar, onde se situa o Pal\u00e1cio Real e claro, a sua medina. Rabat representa 80% da administra\u00e7\u00e3o de Marrocos, fazendo desta cidade o principal centro de neg\u00f3cios; tem imensos alojamentos de luxo, onde as maiores cadeias de hot\u00e9is e restaurantes de renome est\u00e3o representados, nomeadamente os Hot\u00e9is Hilton e os H\u00f3teis Le Meridien.<\/p>\n\n\n\n<p>O clima de Rabat \u00e9 quente e temperado, onde os Ver\u00f5es s\u00e3o quentes, ideais para desfrutar de 30 Km de praia de areia fina e dourada, tal como \u00e9 uma cidade ideal para praticar golfe, uma vez que os seus campos de golfe s\u00e3o considerados dos mais bonitos do mundo (por exemplo, o Royal Golf Dar Es Salam). Os Invernos s\u00e3o normalmente chuvosos e as temperaturas variam entre os 12\u00ba C e os 25\u00ba C.<\/p>\n\n\n\n<h2 class=\"wp-block-heading\">Acerca de Ouarzazate &#8211; a cidade onde vivo no sul de Marrocos<\/h2>\n\n\n\n<p>Ouarzazate fica a 200km de Marraquexe, depois de se passar as Montanhas do Atlas a caminho do deserto. \u00c9 a minha cidade. Onde vivo desde 2009 e onde tenho o meu hotel, o <a href=\"https:\/\/www.darrita.com\/hotel-marrocos\/\" target=\"_blank\" rel=\"noopener noreferrer\">Dar Rita<\/a>, no Bairro Tassoumaat. Este bairro fica mesmo perto do rio, \u00e0 entrada de da cidade quando se chega de <a title=\"Marrakech, A Cidade da Euforia e das Compras em Marrocos\" href=\"https:\/\/www.darrita.com\/marrocos\/marrakech-marrocos\/\">Marraquexe<\/a>. Vivo rodeada do povo berbere local, num bairro tradicional da cidade chamado de Tassoumaat, e constru\u00eddo com antigos tijolos de lama.<\/p>\n\n\n\n<p><strong>\u2705 Ler mais:<\/strong><\/p>\n\n\n\n<figure class=\"wp-block-embed is-type-rich is-provider-rita-em-marrocos\"><div class=\"wp-block-embed__wrapper\">\n<blockquote class=\"wp-embedded-content\" data-secret=\"5oKDWL9FS3\"><a href=\"https:\/\/www.darrita.com\/marrocos\/ouarzazate-marrocos\/\">Ouarzazate, Cidade em o\u00e1sis com casb\u00e1s nas portas do deserto<\/a><\/blockquote><iframe loading=\"lazy\" class=\"wp-embedded-content\" sandbox=\"allow-scripts\" security=\"restricted\" style=\"position: absolute; clip: rect(1px, 1px, 1px, 1px);\" title=\"&#8220;Ouarzazate, Cidade em o\u00e1sis com casb\u00e1s nas portas do deserto&#8221; &#8212; Rita em Marrocos\" src=\"https:\/\/www.darrita.com\/marrocos\/ouarzazate-marrocos\/embed\/#?secret=wmEgxUO4My#?secret=5oKDWL9FS3\" data-secret=\"5oKDWL9FS3\" width=\"600\" height=\"338\" frameborder=\"0\" marginwidth=\"0\" marginheight=\"0\" scrolling=\"no\"><\/iframe>\n<\/div><\/figure>\n\n\n\n<h2 class=\"wp-block-heading\">\u2139\ufe0f Viagem ao sul de Marrocos e \u00e0s cidades imperiais<\/h2>\n\n\n\n<p>\u00c9 chamada de Grande Volta a Marrocos, um dos circuitos mais completos do pa\u00eds porque combina a tradicional rota berbere: o sul, as montanhas, os vales, os desertos, os palmeirais e as dunas de areia; com as cidades que t\u00eam um passado hist\u00f3rico significativo como antiga capital do reino de Marrocos.<\/p>\n\n\n\n<h2 class=\"wp-block-heading\">\u2139\ufe0f Acerca da Pra\u00e7a Jemma el Fna &#8211; a famosa Pra\u00e7a de Marraquexe<\/h2>\n\n\n\n<p>A Pra\u00e7a Jemma el Fna \u00e9 considerada a mais importante e a mais carism\u00e1tica pra\u00e7a marroquina. Situa-se na parte velha da cidade de Marraquexe, mais propriamente na sua medina, a qual encontra-se integrada na lista da UNESCO &#8211; Patrim\u00f3nio Cultural desde 2008. Sem d\u00favida, esta \u00e9 a pra\u00e7a mais movimentada de Marraquexe, onde poder\u00e1 encontrar um maravilhoso Souk e uma infinita anima\u00e7\u00e3o com encantadores de serpentes, faquires, engolidores de espadas, m\u00fasicos, acrobatas, etc, assim como imensos turistas misturados com os habitantes da cidade.<\/p>\n\n\n\n<p><strong>\u2705 Ler mais:<\/strong><\/p>\n\n\n\n<figure class=\"wp-block-embed is-type-rich is-provider-rita-em-marrocos\"><div class=\"wp-block-embed__wrapper\">\n<blockquote class=\"wp-embedded-content\" data-secret=\"4F7R5gKkRu\"><a href=\"https:\/\/www.darrita.com\/marrocos\/marrakech-marrocos\/\">Marrakech (Marraquexe), Cidade hist\u00f3rica e capital tur\u00edstica do pa\u00eds<\/a><\/blockquote><iframe loading=\"lazy\" class=\"wp-embedded-content\" sandbox=\"allow-scripts\" security=\"restricted\" style=\"position: absolute; clip: rect(1px, 1px, 1px, 1px);\" title=\"&#8220;Marrakech (Marraquexe), Cidade hist\u00f3rica e capital tur\u00edstica do pa\u00eds&#8221; &#8212; Rita em Marrocos\" src=\"https:\/\/www.darrita.com\/marrocos\/marrakech-marrocos\/embed\/#?secret=l6FDgEauZg#?secret=4F7R5gKkRu\" data-secret=\"4F7R5gKkRu\" width=\"600\" height=\"338\" frameborder=\"0\" marginwidth=\"0\" marginheight=\"0\" scrolling=\"no\"><\/iframe>\n<\/div><\/figure>\n","protected":false},"excerpt":{"rendered":"","protected":false},"author":1,"featured_media":1840,"parent":0,"menu_order":0,"comment_status":"closed","ping_status":"closed","template":"","meta":{"_joinchat":[],"footnotes":""},"class_list":{"0":"post-215","1":"page","2":"type-page","3":"status-publish","4":"has-post-thumbnail","6":"no-featured-image-padding","7":"resize-featured-image"},"yoast_head":"<!-- This site is optimized with the Yoast SEO plugin v23.6 - https:\/\/yoast.com\/wordpress\/plugins\/seo\/ -->\n<title>MARROCOS - O Guia de Viagem e Roteiros da Rita Leit\u00e3o<\/title>\n<meta name=\"description\" content=\"Guia de Viagem Marrocos: destinos, hot\u00e9is, transportes, restaurantes, roteiros, tours organizados. Rita Leit\u00e3o, uma portuguesa a viver no Sul de Marrocos.\" \/>\n<meta name=\"robots\" content=\"index, follow, max-snippet:-1, max-image-preview:large, max-video-preview:-1\" \/>\n<link rel=\"canonical\" href=\"https:\/\/www.darrita.com\/marrocos\/\" \/>\n<meta property=\"og:locale\" content=\"pt_PT\" \/>\n<meta property=\"og:type\" content=\"article\" \/>\n<meta property=\"og:title\" content=\"MARROCOS - O Guia de Viagem e Roteiros da Rita Leit\u00e3o\" \/>\n<meta property=\"og:description\" content=\"Guia de Viagem Marrocos: destinos, hot\u00e9is, transportes, restaurantes, roteiros, tours organizados. Rita Leit\u00e3o, uma portuguesa a viver no Sul de Marrocos.\" \/>\n<meta property=\"og:url\" content=\"https:\/\/www.darrita.com\/marrocos\/\" \/>\n<meta property=\"og:site_name\" content=\"Rita em Marrocos\" \/>\n<meta property=\"article:modified_time\" content=\"2024-06-04T17:13:11+00:00\" \/>\n<meta property=\"og:image\" content=\"https:\/\/www.darrita.com\/marrocos\/imagens-marrocos\/2010\/03\/MARROCOS.jpg\" \/>\n\t<meta property=\"og:image:width\" content=\"900\" \/>\n\t<meta property=\"og:image:height\" content=\"1200\" \/>\n\t<meta property=\"og:image:type\" content=\"image\/jpeg\" \/>\n<meta name=\"twitter:label1\" content=\"Tempo estimado de leitura\" \/>\n\t<meta name=\"twitter:data1\" content=\"9 minutos\" \/>\n<script type=\"application\/ld+json\" class=\"yoast-schema-graph\">{\"@context\":\"https:\/\/schema.org\",\"@graph\":[{\"@type\":\"WebPage\",\"@id\":\"https:\/\/www.darrita.com\/marrocos\/\",\"url\":\"https:\/\/www.darrita.com\/marrocos\/\",\"name\":\"MARROCOS - O Guia de Viagem e Roteiros da Rita Leit\u00e3o\",\"isPartOf\":{\"@id\":\"https:\/\/www.darrita.com\/marrocos\/#website\"},\"primaryImageOfPage\":{\"@id\":\"https:\/\/www.darrita.com\/marrocos\/#primaryimage\"},\"image\":{\"@id\":\"https:\/\/www.darrita.com\/marrocos\/#primaryimage\"},\"thumbnailUrl\":\"https:\/\/www.darrita.com\/marrocos\/imagens-marrocos\/2010\/03\/MARROCOS.jpg\",\"datePublished\":\"2010-03-23T11:08:16+00:00\",\"dateModified\":\"2024-06-04T17:13:11+00:00\",\"description\":\"Guia de Viagem Marrocos: destinos, hot\u00e9is, transportes, restaurantes, roteiros, tours organizados. Rita Leit\u00e3o, uma portuguesa a viver no Sul de Marrocos.\",\"breadcrumb\":{\"@id\":\"https:\/\/www.darrita.com\/marrocos\/#breadcrumb\"},\"inLanguage\":\"pt-PT\",\"potentialAction\":[{\"@type\":\"ReadAction\",\"target\":[\"https:\/\/www.darrita.com\/marrocos\/\"]}]},{\"@type\":\"ImageObject\",\"inLanguage\":\"pt-PT\",\"@id\":\"https:\/\/www.darrita.com\/marrocos\/#primaryimage\",\"url\":\"https:\/\/www.darrita.com\/marrocos\/imagens-marrocos\/2010\/03\/MARROCOS.jpg\",\"contentUrl\":\"https:\/\/www.darrita.com\/marrocos\/imagens-marrocos\/2010\/03\/MARROCOS.jpg\",\"width\":900,\"height\":1200,\"caption\":\"O Guia de Viagem a Marrocos da Rita Leit\u00e3o\"},{\"@type\":\"BreadcrumbList\",\"@id\":\"https:\/\/www.darrita.com\/marrocos\/#breadcrumb\",\"itemListElement\":[{\"@type\":\"ListItem\",\"position\":1,\"name\":\"In\u00edcio\",\"item\":\"https:\/\/www.darrita.com\/marrocos\/\"},{\"@type\":\"ListItem\",\"position\":2,\"name\":\"Marrocos &#8211; Guia de Viagem e Roteiros da Rita Leit\u00e3o\"}]},{\"@type\":\"WebSite\",\"@id\":\"https:\/\/www.darrita.com\/marrocos\/#website\",\"url\":\"https:\/\/www.darrita.com\/marrocos\/\",\"name\":\"Rita em Marrocos\",\"description\":\"Marrocos - Guia de Viagem: destinos, hot\u00e9is, transportes, restaurantes, roteiros, tours organizados. Rita Leit\u00e3o, uma portuguesa a viver no Sul de Marrocos.\",\"publisher\":{\"@id\":\"https:\/\/www.darrita.com\/marrocos\/#organization\"},\"potentialAction\":[{\"@type\":\"SearchAction\",\"target\":{\"@type\":\"EntryPoint\",\"urlTemplate\":\"https:\/\/www.darrita.com\/marrocos\/?s={search_term_string}\"},\"query-input\":{\"@type\":\"PropertyValueSpecification\",\"valueRequired\":true,\"valueName\":\"search_term_string\"}}],\"inLanguage\":\"pt-PT\"},{\"@type\":\"Organization\",\"@id\":\"https:\/\/www.darrita.com\/marrocos\/#organization\",\"name\":\"Rita em Marrocos\",\"url\":\"https:\/\/www.darrita.com\/marrocos\/\",\"logo\":{\"@type\":\"ImageObject\",\"inLanguage\":\"pt-PT\",\"@id\":\"https:\/\/www.darrita.com\/marrocos\/#\/schema\/logo\/image\/\",\"url\":\"https:\/\/www.darrita.com\/marrocos\/imagens-marrocos\/2019\/10\/cropped-Dar-Rita-3.png\",\"contentUrl\":\"https:\/\/www.darrita.com\/marrocos\/imagens-marrocos\/2019\/10\/cropped-Dar-Rita-3.png\",\"width\":945,\"height\":189,\"caption\":\"Rita em Marrocos\"},\"image\":{\"@id\":\"https:\/\/www.darrita.com\/marrocos\/#\/schema\/logo\/image\/\"}}]}<\/script>\n<!-- \/ Yoast SEO plugin. -->","yoast_head_json":{"title":"MARROCOS - O Guia de Viagem e Roteiros da Rita Leit\u00e3o","description":"Guia de Viagem Marrocos: destinos, hot\u00e9is, transportes, restaurantes, roteiros, tours organizados. Rita Leit\u00e3o, uma portuguesa a viver no Sul de Marrocos.","robots":{"index":"index","follow":"follow","max-snippet":"max-snippet:-1","max-image-preview":"max-image-preview:large","max-video-preview":"max-video-preview:-1"},"canonical":"https:\/\/www.darrita.com\/marrocos\/","og_locale":"pt_PT","og_type":"article","og_title":"MARROCOS - O Guia de Viagem e Roteiros da Rita Leit\u00e3o","og_description":"Guia de Viagem Marrocos: destinos, hot\u00e9is, transportes, restaurantes, roteiros, tours organizados. Rita Leit\u00e3o, uma portuguesa a viver no Sul de Marrocos.","og_url":"https:\/\/www.darrita.com\/marrocos\/","og_site_name":"Rita em Marrocos","article_modified_time":"2024-06-04T17:13:11+00:00","og_image":[{"width":900,"height":1200,"url":"https:\/\/www.darrita.com\/marrocos\/imagens-marrocos\/2010\/03\/MARROCOS.jpg","type":"image\/jpeg"}],"twitter_misc":{"Tempo estimado de leitura":"9 minutos"},"schema":{"@context":"https:\/\/schema.org","@graph":[{"@type":"WebPage","@id":"https:\/\/www.darrita.com\/marrocos\/","url":"https:\/\/www.darrita.com\/marrocos\/","name":"MARROCOS - O Guia de Viagem e Roteiros da Rita Leit\u00e3o","isPartOf":{"@id":"https:\/\/www.darrita.com\/marrocos\/#website"},"primaryImageOfPage":{"@id":"https:\/\/www.darrita.com\/marrocos\/#primaryimage"},"image":{"@id":"https:\/\/www.darrita.com\/marrocos\/#primaryimage"},"thumbnailUrl":"https:\/\/www.darrita.com\/marrocos\/imagens-marrocos\/2010\/03\/MARROCOS.jpg","datePublished":"2010-03-23T11:08:16+00:00","dateModified":"2024-06-04T17:13:11+00:00","description":"Guia de Viagem Marrocos: destinos, hot\u00e9is, transportes, restaurantes, roteiros, tours organizados. Rita Leit\u00e3o, uma portuguesa a viver no Sul de Marrocos.","breadcrumb":{"@id":"https:\/\/www.darrita.com\/marrocos\/#breadcrumb"},"inLanguage":"pt-PT","potentialAction":[{"@type":"ReadAction","target":["https:\/\/www.darrita.com\/marrocos\/"]}]},{"@type":"ImageObject","inLanguage":"pt-PT","@id":"https:\/\/www.darrita.com\/marrocos\/#primaryimage","url":"https:\/\/www.darrita.com\/marrocos\/imagens-marrocos\/2010\/03\/MARROCOS.jpg","contentUrl":"https:\/\/www.darrita.com\/marrocos\/imagens-marrocos\/2010\/03\/MARROCOS.jpg","width":900,"height":1200,"caption":"O Guia de Viagem a Marrocos da Rita Leit\u00e3o"},{"@type":"BreadcrumbList","@id":"https:\/\/www.darrita.com\/marrocos\/#breadcrumb","itemListElement":[{"@type":"ListItem","position":1,"name":"In\u00edcio","item":"https:\/\/www.darrita.com\/marrocos\/"},{"@type":"ListItem","position":2,"name":"Marrocos &#8211; Guia de Viagem e Roteiros da Rita Leit\u00e3o"}]},{"@type":"WebSite","@id":"https:\/\/www.darrita.com\/marrocos\/#website","url":"https:\/\/www.darrita.com\/marrocos\/","name":"Rita em Marrocos","description":"Marrocos - Guia de Viagem: destinos, hot\u00e9is, transportes, restaurantes, roteiros, tours organizados. Rita Leit\u00e3o, uma portuguesa a viver no Sul de Marrocos.","publisher":{"@id":"https:\/\/www.darrita.com\/marrocos\/#organization"},"potentialAction":[{"@type":"SearchAction","target":{"@type":"EntryPoint","urlTemplate":"https:\/\/www.darrita.com\/marrocos\/?s={search_term_string}"},"query-input":{"@type":"PropertyValueSpecification","valueRequired":true,"valueName":"search_term_string"}}],"inLanguage":"pt-PT"},{"@type":"Organization","@id":"https:\/\/www.darrita.com\/marrocos\/#organization","name":"Rita em Marrocos","url":"https:\/\/www.darrita.com\/marrocos\/","logo":{"@type":"ImageObject","inLanguage":"pt-PT","@id":"https:\/\/www.darrita.com\/marrocos\/#\/schema\/logo\/image\/","url":"https:\/\/www.darrita.com\/marrocos\/imagens-marrocos\/2019\/10\/cropped-Dar-Rita-3.png","contentUrl":"https:\/\/www.darrita.com\/marrocos\/imagens-marrocos\/2019\/10\/cropped-Dar-Rita-3.png","width":945,"height":189,"caption":"Rita em Marrocos"},"image":{"@id":"https:\/\/www.darrita.com\/marrocos\/#\/schema\/logo\/image\/"}}]}},"_links":{"self":[{"href":"https:\/\/www.darrita.com\/marrocos\/wp-json\/wp\/v2\/pages\/215"}],"collection":[{"href":"https:\/\/www.darrita.com\/marrocos\/wp-json\/wp\/v2\/pages"}],"about":[{"href":"https:\/\/www.darrita.com\/marrocos\/wp-json\/wp\/v2\/types\/page"}],"author":[{"embeddable":true,"href":"https:\/\/www.darrita.com\/marrocos\/wp-json\/wp\/v2\/users\/1"}],"replies":[{"embeddable":true,"href":"https:\/\/www.darrita.com\/marrocos\/wp-json\/wp\/v2\/comments?post=215"}],"version-history":[{"count":4,"href":"https:\/\/www.darrita.com\/marrocos\/wp-json\/wp\/v2\/pages\/215\/revisions"}],"predecessor-version":[{"id":3077,"href":"https:\/\/www.darrita.com\/marrocos\/wp-json\/wp\/v2\/pages\/215\/revisions\/3077"}],"wp:featuredmedia":[{"embeddable":true,"href":"https:\/\/www.darrita.com\/marrocos\/wp-json\/wp\/v2\/media\/1840"}],"wp:attachment":[{"href":"https:\/\/www.darrita.com\/marrocos\/wp-json\/wp\/v2\/media?parent=215"}],"curies":[{"name":"wp","href":"https:\/\/api.w.org\/{rel}","templated":true}]}}